{"id":33367,"date":"2019-05-15T17:01:52","date_gmt":"2019-05-15T17:01:52","guid":{"rendered":"https:\/\/osteriamadonnetta.it\/region-und-verbreitung-der-gemeinsamen-werte\/"},"modified":"2025-09-08T16:53:08","modified_gmt":"2025-09-08T16:53:08","slug":"region-und-verbreitung-der-gemeinsamen-werte","status":"publish","type":"page","link":"https:\/\/www.osteriamadonnetta.it\/de\/region-und-verbreitung-der-gemeinsamen-werte\/","title":{"rendered":"Region und Verbreitung der gemeinsamen Werte"},"content":{"rendered":"<p>[et_pb_section fb_built=&#8220;1&#8243; admin_label=&#8220;section&#8220; _builder_version=&#8220;4.16&#8243; use_background_color_gradient=&#8220;on&#8220; background_color_gradient_stops=&#8220;rgba(51,17,34,0.6) 0%|rgba(51,17,34,0.6) 100%&#8220; background_color_gradient_overlays_image=&#8220;on&#8220; background_color_gradient_start=&#8220;rgba(51,17,34,0.6)&#8220; background_color_gradient_end=&#8220;rgba(51,17,34,0.6)&#8220; background_image=&#8220;https:\/\/osteriamadonnetta.it\/wp-content\/uploads\/2021\/02\/Quadro-carte-trevigiane-Osteria-Madonnetta-Marostica.jpeg&#8220; custom_padding=&#8220;0|0px|0|0px|true|false&#8220; global_colors_info=&#8220;{}&#8220;][et_pb_row column_structure=&#8220;3_4,1_4&#8243; use_custom_gutter=&#8220;on&#8220; custom_padding_last_edited=&#8220;on|tablet&#8220; admin_label=&#8220;row&#8220; _builder_version=&#8220;4.16&#8243; background_position=&#8220;top_left&#8220; background_repeat=&#8220;repeat&#8220; module_alignment=&#8220;center&#8220; custom_padding=&#8220;100px||100px&#8220; custom_padding_tablet=&#8220;50px||50px&#8220; custom_padding_phone=&#8220;&#8220; global_colors_info=&#8220;{}&#8220;][et_pb_column type=&#8220;3_4&#8243; _builder_version=&#8220;4.16&#8243; custom_padding=&#8220;|||&#8220; global_colors_info=&#8220;{}&#8220; custom_padding__hover=&#8220;|||&#8220;][et_pb_text _builder_version=&#8220;4.16&#8243; text_font=&#8220;||||||||&#8220; background_layout=&#8220;dark&#8220; global_colors_info=&#8220;{}&#8220;]<\/p>\n<h3>Region und Verbreitung der gemeinsamen Werte<\/h3>\n<p><\/p>\n<h1>Die \u00f6nogastronomischen Werte der Region und der Osteria Madonnetta<\/h1>\n<p>\n[\/et_pb_text][\/et_pb_column][et_pb_column type=&#8220;1_4&#8243; _builder_version=&#8220;4.16&#8243; custom_padding=&#8220;|||&#8220; global_colors_info=&#8220;{}&#8220; custom_padding__hover=&#8220;|||&#8220;][\/et_pb_column][\/et_pb_row][\/et_pb_section][et_pb_section fb_built=&#8220;1&#8243; custom_padding_last_edited=&#8220;on|tablet&#8220; _builder_version=&#8220;4.16&#8243; custom_padding=&#8220;100px||100px||true|false&#8220; custom_padding_tablet=&#8220;50px||50px||true&#8220; custom_padding_phone=&#8220;&#8220; global_colors_info=&#8220;{}&#8220;][et_pb_row column_structure=&#8220;1_2,1_2&#8243; use_custom_gutter=&#8220;on&#8220; gutter_width=&#8220;1&#8243; make_equal=&#8220;on&#8220; padding_top_bottom_link_1=&#8220;true&#8220; module_class=&#8220;column_wide_right column-reverse et_pb_row_fullwidth et_pb_row_fullwidth&#8220; _builder_version=&#8220;4.16&#8243; width=&#8220;100%&#8220; width_tablet=&#8220;100%&#8220; width_phone=&#8220;&#8220; width_last_edited=&#8220;on|desktop&#8220; max_width=&#8220;100%&#8220; max_width_tablet=&#8220;100%&#8220; max_width_phone=&#8220;&#8220; max_width_last_edited=&#8220;on|desktop&#8220; custom_padding=&#8220;0|0px|50px|0px|false|false&#8220; make_fullwidth=&#8220;on&#8220; global_colors_info=&#8220;{}&#8220;][et_pb_column type=&#8220;1_2&#8243; module_class=&#8220;flexible-column column_left&#8220; _builder_version=&#8220;4.16&#8243; use_background_color_gradient=&#8220;on&#8220; background_color_gradient_direction=&#8220;90deg&#8220; background_color_gradient_stops=&#8220;rgba(255,255,255,0) 40%|#ffffff 100%&#8220; background_color_gradient_overlays_image=&#8220;on&#8220; background_color_gradient_start=&#8220;rgba(255,255,255,0)&#8220; background_color_gradient_start_position=&#8220;40%&#8220; background_color_gradient_end=&#8220;#ffffff&#8220; background_image=&#8220;https:\/\/osteriamadonnetta.it\/wp-content\/uploads\/2022\/03\/Marostica-Piazza-degli-scacchi-e-Castello-inferiore-.jpg&#8220; custom_padding=&#8220;200px||200px|&#8220; custom_padding_tablet=&#8220;200px||200px&#8220; custom_padding_phone=&#8220;0px||0px|&#8220; custom_padding_last_edited=&#8220;on|tablet&#8220; global_colors_info=&#8220;{}&#8220; custom_padding__hover=&#8220;|||&#8220;][et_pb_image src=&#8220;https:\/\/osteriamadonnetta.it\/wp-content\/uploads\/2022\/03\/Marostica-Piazza-degli-scacchi-e-Castello-inferiore-.jpg&#8220; alt=&#8220;Fotos von Marostica, dem Schachplatz und der Unteren Burg&#8220; title_text=&#8220;Marostica &#8211; Schachplatz und Untere Burg&#8220; show_bottom_space=&#8220;off&#8220; align_tablet=&#8220;center&#8220; align_phone=&#8220;center&#8220; align_last_edited=&#8220;on|desktop&#8220; disabled_on=&#8220;off|on|on&#8220; _builder_version=&#8220;4.16&#8243; custom_margin=&#8220;0px||0px&#8220; custom_padding=&#8220;0px||0px&#8220; global_colors_info=&#8220;{}&#8220;]<br \/>\n[\/et_pb_image][et_pb_text admin_label=&#8220;Non modificare &#8211; Placeholder&#8220; _builder_version=&#8220;4.16&#8243; global_colors_info=&#8220;{}&#8220;]<\/p>\n<p><!-- placheolder --><\/p>\n<p>[\/et_pb_text][\/et_pb_column][et_pb_column type=&#8220;1_2&#8243; module_class=&#8220;flexible-column column_overflow_right&#8220; _builder_version=&#8220;4.16&#8243; background_blend=&#8220;soft-light&#8220; custom_padding=&#8220;|||&#8220; global_colors_info=&#8220;{}&#8220; custom_padding__hover=&#8220;|||&#8220;][et_pb_text module_class=&#8220;small_title&#8220; _builder_version=&#8220;4.16&#8243; custom_margin=&#8220;||15px&#8220; custom_padding=&#8220;|||&#8220; global_colors_info=&#8220;{}&#8220;]<\/p>\n<h2>Die Osteria Madonnetta vermittelt ihre Werte, die Kultur und die Arbeit, und ist befreundet mit:<\/h2>\n<p><\/p>\n<p><a href=\"#ristoratori-vicenza\">\u201cI Ristoratori di Vicenza\u201d<\/a><br \/><a href=\"#km-zero\">Lokale mit \u201c0-km\u201d-Men\u00fc<\/a><br \/><a href=\"#oca-marostica\">Restaurants \u201cOca di Marostica\u201d<\/a><br \/><a href=\"#torcolato\"> \u201cLa Strada del Torcolato e dei Vini di Breganze\u201d<\/a><br \/><a href=\"#presidi-slowfood\">K\u00f6chen des \u201cPresidi Slow Food\u201d-Vereins<\/a><br \/><a href=\"#slowfood-bassano\">\u201cSlow Food Bassano del Grappa und Marostica\u201d<\/a><br \/><a href=\"#imprese-storiche\">\u201cImprese Storiche D\u2019Italia\u201d<\/a><br \/><a href=\"#locali-storici\">\u201cLocali storici del Veneto\u201d<\/a><\/p>\n<p>\n[\/et_pb_text][\/et_pb_column][\/et_pb_row][et_pb_row module_class=&#8220;special&#8220; _builder_version=&#8220;4.16&#8243; global_colors_info=&#8220;{}&#8220;][et_pb_column type=&#8220;4_4&#8243; _builder_version=&#8220;4.16&#8243; custom_padding=&#8220;|||&#8220; global_colors_info=&#8220;{}&#8220; custom_padding__hover=&#8220;|||&#8220;][et_pb_text module_id=&#8220;ristoratori-vicenza&#8220; _builder_version=&#8220;4.16&#8243; global_colors_info=&#8220;{}&#8220;]<\/p>\n<h3>Mitglied der \u201cI Ristoratori di Vicenza\u201d (Gastwirte aus Vicenza)<\/h3>\n<p><\/p>\n<p>Eine lange Zusammenarbeit voller Leidenschaft zum Essen. Die \u201cI Ristoratori di Vicenza\u201d konkurrieren in der Gastronomie, sind jedoch privat befreundet. Sie haben alle dieselbe Mission: aus lokalen Produkten raffinierte Gerichte zu zaubern.<\/p>\n<p>\n[\/et_pb_text][et_pb_text module_id=&#8220;km-zero&#8220; _builder_version=&#8220;4.16&#8243; global_colors_info=&#8220;{}&#8220;]<\/p>\n<h3>Lokale mit \u201c0-km\u201d-Men\u00fc<\/h3>\n<p><\/p>\n<p>Ein Restaurant mit \u201ckm-zero\u201d-Men\u00fc garantiert, dass die Zutaten der servierten Speisen nur wenige Kilometer vom Lokal entfert angebaut oder gez\u00fcchtet worden sind.\u200b<\/p>\n<p>\n[\/et_pb_text][et_pb_text module_id=&#8220;oca-marostica&#8220; _builder_version=&#8220;4.16&#8243; global_colors_info=&#8220;{}&#8220;]<\/p>\n<h3>Restaurants \u201cOca di Marostica\u201d (Gans aus Marostica)<\/h3>\n<p><\/p>\n<p>\u201cWo in Marostica kann man Gans essen\u201d? Das klingt nach einer lustigen Scherzfrage. In Wirklichkeit ist das Gans essen eine Volkstradition in Venetien, insbesondere in Marostica. Die Gans steht ab 28. Oktober auf der Speisekarte, anl\u00e4sslich der \u201cAntica Fiera di San Simeone\u201d (traditionelles Fest mit Transhumanz und herbstlichen Danksagungsritualen).\u200b<\/p>\n<p>\n[\/et_pb_text][et_pb_text module_id=&#8220;torcolato&#8220; _builder_version=&#8220;4.16&#8243; global_colors_info=&#8220;{}&#8220;]<\/p>\n<h3>Strada del Torcolato e dei Vini di Breganze<\/h3>\n<p><\/p>\n<p>Es handelt sich um eine weingastronomische Stra\u00dfe, am Fu\u00dfe der Vizentiner Alpen, die von Thiene bis nach Bassano del Grappa f\u00fchrt. Marostica befindet sich genau in der Mitte dieser Strecke. Die Weinkeller, die zu diesem Konsortium geh\u00f6ren, sind bekannt f\u00fcr die Herstellung hochwertiger Weine, die Teil einer Tradition dieser Gegend sind. Einer dieser erstklassigen Weine ist der \u201cTorcolato\u201d, der aus getrockneten Trauben im J\u00e4nner gewonnen wird. Weiters gibt es auch interessante einheimische Weinsorten, die in der Osteria Madonnetta abwechselnd ausgeschenkt werden.<\/p>\n<p>\n[\/et_pb_text][et_pb_text module_id=&#8220;presidi-slowfood&#8220; _builder_version=&#8220;4.16&#8243; global_colors_info=&#8220;{}&#8220;]<\/p>\n<h3>K\u00f6che des \u201cPresidi Slow Food\u201d-Vereins<\/h3>\n<p><\/p>\n<p>Im Jahr 2009 wurde in Italien ein Slow-Food-Verein gegr\u00fcndet, der mehr als 300 K\u00f6che von Osterien, Restaurants und Bistrots vereint. Die K\u00f6che erhalten nicht nur die \u201cPresidi Slow Food\u201d aufrecht (seltene Gerichte, die vom Aussterben bedroht sind), sondern unterst\u00fctzen auch die kleinen, regionalen Lebensmittelhersteller (durch den t\u00e4glichen Einsatz ihrer Produkte), die die biologische Vielfalt ber\u00fccksichtigen.<\/p>\n<p>\n[\/et_pb_text][et_pb_text module_id=&#8220;slowfood-bassano&#8220; _builder_version=&#8220;4.16&#8243; global_colors_info=&#8220;{}&#8220;]<\/p>\n<h3>\u201cSlow Food Bassano del Grappa\u201d<\/h3>\n<p>Slow Food ist eine internazionale, gemeinn\u00fctzige Organisation, mit \u00fcber 100.000 Mitgliedern, Freiwilligen und Unterst\u00fctzern in 150 L\u00e4ndern, bestehend aus 2000 Unternehmen, die qualitativ hochwertige und nachhaltige Lebensmittel in kleinen Mengen herstellen. Diese Organisation wurde von Carlo Petrini im Jahre 1986 gegr\u00fcndet, und konzentriert sich haupts\u00e4chlich auf 2 Ziele: den Zusammenhang von Nahrungsmitteln mit Kultur, Traditionen, Identit\u00e4t und Lebensstil und die F\u00f6rderung des regionalen und \u00f6kologischen Anbaus.<\/p>\n<p>\n[\/et_pb_text][et_pb_text module_id=&#8220;locali-storici&#8220; _builder_version=&#8220;4.16&#8243; z_index_tablet=&#8220;500&#8243; global_colors_info=&#8220;{}&#8220;]<\/p>\n<h3>\u201cLocali storici del Veneto\u201d<\/h3>\n<p><\/p>\n<p>Die Region Venetien hat ein Verzeichnis, in dem die \u201chistorischen Lokale\u201d eingetragen werden. Die wichtigste Anforderung ist die \u00f6ffentliche T\u00e4tigkeit des Unternehmens seit mindestens 70 Jahren. Mit mehr als 110 Lebensjahren, und vor allem durch ihre \u201chistorsichen Werte\u201d, z\u00e4hlt die Osteria Madonnetta zu einem der bedeutendsten Betrieben.<\/p>\n<p>\n[\/et_pb_text][et_pb_blurb title=&#8220;Osteria Madonnetta&#8220; image=&#8220;https:\/\/www.osteriamadonnetta.it\/wp-content\/uploads\/2024\/11\/LOCALE-STORICO-CERTIFICATO-2.png&#8220; _builder_version=&#8220;4.27.4&#8243; _module_preset=&#8220;default&#8220; title_text=&#8220;LOCALE STORICO CERTIFICATO (2)&#8220; icon_placement=&#8220;left&#8220; image_icon_width=&#8220;100px&#8220; content_max_width=&#8220;100%&#8220; header_font_size=&#8220;22px&#8220; header_line_height=&#8220;1.1em&#8220; hover_enabled=&#8220;0&#8243; sticky_enabled=&#8220;0&#8243;]Zertifizierter historischer Veranstaltungsort[\/et_pb_blurb][\/et_pb_column][\/et_pb_row][\/et_pb_section]<\/p>\n","protected":false},"excerpt":{"rendered":"<p>Region und Verbreitung der gemeinsamen WerteDie \u00f6nogastronomischen Werte der Region und der Osteria Madonnetta Die Osteria Madonnetta vermittelt ihre Werte, die Kultur und die Arbeit, und ist befreundet mit:\u201cI Ristoratori di Vicenza\u201dLokale mit \u201c0-km\u201d-Men\u00fcRestaurants \u201cOca di Marostica\u201d \u201cLa Strada del Torcolato e dei Vini di Breganze\u201dK\u00f6chen des \u201cPresidi Slow Food\u201d-Vereins\u201cSlow Food Bassano del Grappa und [&hellip;]<\/p>\n","protected":false},"author":1,"featured_media":34001,"parent":0,"menu_order":0,"comment_status":"closed","ping_status":"closed","template":"","meta":{"_et_pb_use_builder":"on","_et_pb_old_content":"","_et_gb_content_width":"","footnotes":""},"class_list":["post-33367","page","type-page","status-publish","has-post-thumbnail","hentry"],"yoast_head":"<!-- This site is optimized with the Yoast SEO plugin v27.3 - https:\/\/yoast.com\/product\/yoast-seo-wordpress\/ -->\n<title>Region und Verbreitung der gemeinsamen Werte &#8211; Osteria Madonnetta<\/title>\n<meta name=\"robots\" content=\"index, follow, max-snippet:-1, max-image-preview:large, max-video-preview:-1\" \/>\n<link rel=\"canonical\" href=\"https:\/\/www.osteriamadonnetta.it\/territorio-e-valore-della-condivisione\/\" \/>\n<meta property=\"og:locale\" content=\"de_DE\" \/>\n<meta property=\"og:type\" content=\"article\" \/>\n<meta property=\"og:title\" content=\"Region und Verbreitung der gemeinsamen Werte &#8211; Osteria Madonnetta\" \/>\n<meta property=\"og:description\" content=\"Region und Verbreitung der gemeinsamen WerteDie \u00f6nogastronomischen Werte der Region und der Osteria Madonnetta Die Osteria Madonnetta vermittelt ihre Werte, die Kultur und die Arbeit, und ist befreundet mit:\u201cI Ristoratori di Vicenza\u201dLokale mit \u201c0-km\u201d-Men\u00fcRestaurants \u201cOca di Marostica\u201d \u201cLa Strada del Torcolato e dei Vini di Breganze\u201dK\u00f6chen des \u201cPresidi Slow Food\u201d-Vereins\u201cSlow Food Bassano del Grappa und [&hellip;]\" \/>\n<meta property=\"og:url\" content=\"https:\/\/www.osteriamadonnetta.it\/territorio-e-valore-della-condivisione\/\" \/>\n<meta property=\"og:site_name\" content=\"Osteria Madonnetta\" \/>\n<meta property=\"article:publisher\" content=\"https:\/\/www.facebook.com\/osteriamadonnetta\/\" \/>\n<meta property=\"article:modified_time\" content=\"2025-09-08T16:53:08+00:00\" \/>\n<meta property=\"og:image\" content=\"https:\/\/www.osteriamadonnetta.it\/wp-content\/uploads\/2021\/02\/Quadro-carte-trevigiane-Osteria-Madonnetta-Marostica.jpeg\" \/>\n\t<meta property=\"og:image:width\" content=\"1600\" \/>\n\t<meta property=\"og:image:height\" content=\"800\" \/>\n\t<meta property=\"og:image:type\" content=\"image\/jpeg\" \/>\n<meta name=\"twitter:card\" content=\"summary_large_image\" \/>\n<meta name=\"twitter:label1\" content=\"Gesch\u00e4tzte Lesezeit\" \/>\n\t<meta name=\"twitter:data1\" content=\"6\u00a0Minuten\" \/>\n<script type=\"application\/ld+json\" class=\"yoast-schema-graph\">{\"@context\":\"https:\\\/\\\/schema.org\",\"@graph\":[{\"@type\":\"WebPage\",\"@id\":\"https:\\\/\\\/www.osteriamadonnetta.it\\\/territorio-e-valore-della-condivisione\\\/\",\"url\":\"https:\\\/\\\/www.osteriamadonnetta.it\\\/territorio-e-valore-della-condivisione\\\/\",\"name\":\"Region und Verbreitung der gemeinsamen Werte &#8211; Osteria Madonnetta\",\"isPartOf\":{\"@id\":\"https:\\\/\\\/www.osteriamadonnetta.it\\\/#website\"},\"primaryImageOfPage\":{\"@id\":\"https:\\\/\\\/www.osteriamadonnetta.it\\\/territorio-e-valore-della-condivisione\\\/#primaryimage\"},\"image\":{\"@id\":\"https:\\\/\\\/www.osteriamadonnetta.it\\\/territorio-e-valore-della-condivisione\\\/#primaryimage\"},\"thumbnailUrl\":\"https:\\\/\\\/www.osteriamadonnetta.it\\\/wp-content\\\/uploads\\\/2021\\\/02\\\/Quadro-carte-trevigiane-Osteria-Madonnetta-Marostica.jpeg\",\"datePublished\":\"2019-05-15T17:01:52+00:00\",\"dateModified\":\"2025-09-08T16:53:08+00:00\",\"breadcrumb\":{\"@id\":\"https:\\\/\\\/www.osteriamadonnetta.it\\\/territorio-e-valore-della-condivisione\\\/#breadcrumb\"},\"inLanguage\":\"de\",\"potentialAction\":[{\"@type\":\"ReadAction\",\"target\":[\"https:\\\/\\\/www.osteriamadonnetta.it\\\/territorio-e-valore-della-condivisione\\\/\"]}]},{\"@type\":\"ImageObject\",\"inLanguage\":\"de\",\"@id\":\"https:\\\/\\\/www.osteriamadonnetta.it\\\/territorio-e-valore-della-condivisione\\\/#primaryimage\",\"url\":\"https:\\\/\\\/www.osteriamadonnetta.it\\\/wp-content\\\/uploads\\\/2021\\\/02\\\/Quadro-carte-trevigiane-Osteria-Madonnetta-Marostica.jpeg\",\"contentUrl\":\"https:\\\/\\\/www.osteriamadonnetta.it\\\/wp-content\\\/uploads\\\/2021\\\/02\\\/Quadro-carte-trevigiane-Osteria-Madonnetta-Marostica.jpeg\",\"width\":1600,\"height\":800,\"caption\":\"Quadro carte trevigiane Osteria Madonnetta Marostica\"},{\"@type\":\"BreadcrumbList\",\"@id\":\"https:\\\/\\\/www.osteriamadonnetta.it\\\/territorio-e-valore-della-condivisione\\\/#breadcrumb\",\"itemListElement\":[{\"@type\":\"ListItem\",\"position\":1,\"name\":\"Home\",\"item\":\"https:\\\/\\\/www.osteriamadonnetta.it\\\/de\\\/\"},{\"@type\":\"ListItem\",\"position\":2,\"name\":\"Region und Verbreitung der gemeinsamen Werte\"}]},{\"@type\":\"WebSite\",\"@id\":\"https:\\\/\\\/www.osteriamadonnetta.it\\\/#website\",\"url\":\"https:\\\/\\\/www.osteriamadonnetta.it\\\/\",\"name\":\"Osteria Madonnetta\",\"description\":\"Osteria Madonnetta\",\"potentialAction\":[{\"@type\":\"SearchAction\",\"target\":{\"@type\":\"EntryPoint\",\"urlTemplate\":\"https:\\\/\\\/www.osteriamadonnetta.it\\\/?s={search_term_string}\"},\"query-input\":{\"@type\":\"PropertyValueSpecification\",\"valueRequired\":true,\"valueName\":\"search_term_string\"}}],\"inLanguage\":\"de\"}]}<\/script>\n<!-- \/ Yoast SEO plugin. -->","yoast_head_json":{"title":"Region und Verbreitung der gemeinsamen Werte &#8211; Osteria Madonnetta","robots":{"index":"index","follow":"follow","max-snippet":"max-snippet:-1","max-image-preview":"max-image-preview:large","max-video-preview":"max-video-preview:-1"},"canonical":"https:\/\/www.osteriamadonnetta.it\/territorio-e-valore-della-condivisione\/","og_locale":"de_DE","og_type":"article","og_title":"Region und Verbreitung der gemeinsamen Werte &#8211; Osteria Madonnetta","og_description":"Region und Verbreitung der gemeinsamen WerteDie \u00f6nogastronomischen Werte der Region und der Osteria Madonnetta Die Osteria Madonnetta vermittelt ihre Werte, die Kultur und die Arbeit, und ist befreundet mit:\u201cI Ristoratori di Vicenza\u201dLokale mit \u201c0-km\u201d-Men\u00fcRestaurants \u201cOca di Marostica\u201d \u201cLa Strada del Torcolato e dei Vini di Breganze\u201dK\u00f6chen des \u201cPresidi Slow Food\u201d-Vereins\u201cSlow Food Bassano del Grappa und [&hellip;]","og_url":"https:\/\/www.osteriamadonnetta.it\/territorio-e-valore-della-condivisione\/","og_site_name":"Osteria Madonnetta","article_publisher":"https:\/\/www.facebook.com\/osteriamadonnetta\/","article_modified_time":"2025-09-08T16:53:08+00:00","og_image":[{"width":1600,"height":800,"url":"https:\/\/www.osteriamadonnetta.it\/wp-content\/uploads\/2021\/02\/Quadro-carte-trevigiane-Osteria-Madonnetta-Marostica.jpeg","type":"image\/jpeg"}],"twitter_card":"summary_large_image","twitter_misc":{"Gesch\u00e4tzte Lesezeit":"6\u00a0Minuten"},"schema":{"@context":"https:\/\/schema.org","@graph":[{"@type":"WebPage","@id":"https:\/\/www.osteriamadonnetta.it\/territorio-e-valore-della-condivisione\/","url":"https:\/\/www.osteriamadonnetta.it\/territorio-e-valore-della-condivisione\/","name":"Region und Verbreitung der gemeinsamen Werte &#8211; Osteria Madonnetta","isPartOf":{"@id":"https:\/\/www.osteriamadonnetta.it\/#website"},"primaryImageOfPage":{"@id":"https:\/\/www.osteriamadonnetta.it\/territorio-e-valore-della-condivisione\/#primaryimage"},"image":{"@id":"https:\/\/www.osteriamadonnetta.it\/territorio-e-valore-della-condivisione\/#primaryimage"},"thumbnailUrl":"https:\/\/www.osteriamadonnetta.it\/wp-content\/uploads\/2021\/02\/Quadro-carte-trevigiane-Osteria-Madonnetta-Marostica.jpeg","datePublished":"2019-05-15T17:01:52+00:00","dateModified":"2025-09-08T16:53:08+00:00","breadcrumb":{"@id":"https:\/\/www.osteriamadonnetta.it\/territorio-e-valore-della-condivisione\/#breadcrumb"},"inLanguage":"de","potentialAction":[{"@type":"ReadAction","target":["https:\/\/www.osteriamadonnetta.it\/territorio-e-valore-della-condivisione\/"]}]},{"@type":"ImageObject","inLanguage":"de","@id":"https:\/\/www.osteriamadonnetta.it\/territorio-e-valore-della-condivisione\/#primaryimage","url":"https:\/\/www.osteriamadonnetta.it\/wp-content\/uploads\/2021\/02\/Quadro-carte-trevigiane-Osteria-Madonnetta-Marostica.jpeg","contentUrl":"https:\/\/www.osteriamadonnetta.it\/wp-content\/uploads\/2021\/02\/Quadro-carte-trevigiane-Osteria-Madonnetta-Marostica.jpeg","width":1600,"height":800,"caption":"Quadro carte trevigiane Osteria Madonnetta Marostica"},{"@type":"BreadcrumbList","@id":"https:\/\/www.osteriamadonnetta.it\/territorio-e-valore-della-condivisione\/#breadcrumb","itemListElement":[{"@type":"ListItem","position":1,"name":"Home","item":"https:\/\/www.osteriamadonnetta.it\/de\/"},{"@type":"ListItem","position":2,"name":"Region und Verbreitung der gemeinsamen Werte"}]},{"@type":"WebSite","@id":"https:\/\/www.osteriamadonnetta.it\/#website","url":"https:\/\/www.osteriamadonnetta.it\/","name":"Osteria Madonnetta","description":"Osteria Madonnetta","potentialAction":[{"@type":"SearchAction","target":{"@type":"EntryPoint","urlTemplate":"https:\/\/www.osteriamadonnetta.it\/?s={search_term_string}"},"query-input":{"@type":"PropertyValueSpecification","valueRequired":true,"valueName":"search_term_string"}}],"inLanguage":"de"}]}},"_links":{"self":[{"href":"https:\/\/www.osteriamadonnetta.it\/de\/wp-json\/wp\/v2\/pages\/33367","targetHints":{"allow":["GET"]}}],"collection":[{"href":"https:\/\/www.osteriamadonnetta.it\/de\/wp-json\/wp\/v2\/pages"}],"about":[{"href":"https:\/\/www.osteriamadonnetta.it\/de\/wp-json\/wp\/v2\/types\/page"}],"author":[{"embeddable":true,"href":"https:\/\/www.osteriamadonnetta.it\/de\/wp-json\/wp\/v2\/users\/1"}],"replies":[{"embeddable":true,"href":"https:\/\/www.osteriamadonnetta.it\/de\/wp-json\/wp\/v2\/comments?post=33367"}],"version-history":[{"count":13,"href":"https:\/\/www.osteriamadonnetta.it\/de\/wp-json\/wp\/v2\/pages\/33367\/revisions"}],"predecessor-version":[{"id":35669,"href":"https:\/\/www.osteriamadonnetta.it\/de\/wp-json\/wp\/v2\/pages\/33367\/revisions\/35669"}],"wp:featuredmedia":[{"embeddable":true,"href":"https:\/\/www.osteriamadonnetta.it\/de\/wp-json\/wp\/v2\/media\/34001"}],"wp:attachment":[{"href":"https:\/\/www.osteriamadonnetta.it\/de\/wp-json\/wp\/v2\/media?parent=33367"}],"curies":[{"name":"wp","href":"https:\/\/api.w.org\/{rel}","templated":true}]}}