{"id":33357,"date":"2019-05-15T16:23:07","date_gmt":"2019-05-15T16:23:07","guid":{"rendered":"https:\/\/osteriamadonnetta.it\/team-osteria-madonnetta\/"},"modified":"2025-09-08T16:21:54","modified_gmt":"2025-09-08T16:21:54","slug":"team-osteria-madonnetta","status":"publish","type":"page","link":"https:\/\/www.osteriamadonnetta.it\/de\/team-osteria-madonnetta\/","title":{"rendered":"Team Osteria Madonnetta"},"content":{"rendered":"<p>[et_pb_section fb_built=&#8220;1&#8243; admin_label=&#8220;section&#8220; _builder_version=&#8220;4.16&#8243; use_background_color_gradient=&#8220;on&#8220; background_color_gradient_stops=&#8220;rgba(51,17,34,0.6) 0%|rgba(51,17,34,0.6) 100%&#8220; background_color_gradient_overlays_image=&#8220;on&#8220; background_color_gradient_start=&#8220;rgba(51,17,34,0.6)&#8220; background_color_gradient_end=&#8220;rgba(51,17,34,0.6)&#8220; background_image=&#8220;https:\/\/osteriamadonnetta.it\/wp-content\/uploads\/2021\/02\/Cuoca-Osteria-Madonnetta-Marostica.jpeg&#8220; custom_padding=&#8220;0|0px|0|0px|true|false&#8220; global_colors_info=&#8220;{}&#8220;][et_pb_row column_structure=&#8220;3_4,1_4&#8243; use_custom_gutter=&#8220;on&#8220; custom_padding_last_edited=&#8220;on|tablet&#8220; admin_label=&#8220;row&#8220; _builder_version=&#8220;4.16&#8243; background_size=&#8220;initial&#8220; background_position=&#8220;top_left&#8220; background_repeat=&#8220;repeat&#8220; module_alignment=&#8220;center&#8220; custom_padding=&#8220;100px||100px&#8220; custom_padding_tablet=&#8220;50px||50px&#8220; custom_padding_phone=&#8220;&#8220; global_colors_info=&#8220;{}&#8220;][et_pb_column type=&#8220;3_4&#8243; _builder_version=&#8220;4.16&#8243; custom_padding=&#8220;|||&#8220; global_colors_info=&#8220;{}&#8220; custom_padding__hover=&#8220;|||&#8220;][et_pb_text _builder_version=&#8220;4.16&#8243; background_layout=&#8220;dark&#8220; global_colors_info=&#8220;{}&#8220;]<\/p>\n<h3>Unser Team<\/h3>\n<p><\/p>\n<h1>Teamgeist, Freude, Leidenschaft, Engagement: Kompetenzen und Erfahrungen, die sich gegenseitig erg\u00e4nzen. Es ist das gastfreundliche Personal, das die Osteria Madonetta zu einem hervorragenden Lokal macht.<\/h1>\n<p>[\/et_pb_text][\/et_pb_column][et_pb_column type=&#8220;1_4&#8243; _builder_version=&#8220;4.16&#8243; custom_padding=&#8220;|||&#8220; global_colors_info=&#8220;{}&#8220; custom_padding__hover=&#8220;|||&#8220;][\/et_pb_column][\/et_pb_row][\/et_pb_section][et_pb_section fb_built=&#8220;1&#8243; _builder_version=&#8220;4.16&#8243; global_colors_info=&#8220;{}&#8220;][et_pb_row column_structure=&#8220;1_4,1_4,1_4,1_4&#8243; use_custom_gutter=&#8220;on&#8220; gutter_width=&#8220;2&#8243; make_equal=&#8220;on&#8220; module_class=&#8220;m_people gallery_row&#8220; _builder_version=&#8220;4.16&#8243; custom_margin_tablet=&#8220;&#8220; custom_margin_phone=&#8220;&#8220; custom_margin_last_edited=&#8220;on|desktop&#8220; global_colors_info=&#8220;{}&#8220; background_color_4__hover_enabled=&#8220;on&#8220; background_color_3__hover_enabled=&#8220;on&#8220; background_color_2__hover_enabled=&#8220;on&#8220; background_color_1__hover_enabled=&#8220;on&#8220;][et_pb_column type=&#8220;1_4&#8243; _builder_version=&#8220;4.16&#8243; background_image=&#8220;https:\/\/osteriamadonnetta.it\/wp-content\/uploads\/2019\/01\/Osteria-Madonnetta-Marostica-mamma-Annamaria-e-pap\u00e0-Franco.jpg&#8220; custom_padding=&#8220;|||&#8220; global_colors_info=&#8220;{}&#8220; background_color__hover_enabled=&#8220;on&#8220; custom_padding__hover=&#8220;|||&#8220;][et_pb_text _builder_version=&#8220;4.16.1&#8243; text_font=&#8220;||||||||&#8220; text_text_color=&#8220;rgba(0,0,0,0)&#8220; text_font_size=&#8220;1px&#8220; background_color=&#8220;rgba(255,255,255,0)&#8220; background_image=&#8220;https:\/\/osteriamadonnetta.it\/wp-content\/uploads\/2024\/02\/AnnaFranco2.jpg&#8220; background_layout=&#8220;dark&#8220; custom_padding=&#8220;5%|5%|5%|5%|true|true&#8220; global_colors_info=&#8220;{}&#8220; text_font_size__hover_enabled=&#8220;on&#8220; text_font_size__hover=&#8220;14px&#8220; background__hover_enabled=&#8220;on|desktop&#8220; background_color__hover=&#8220;#331122&#8243; text_text_color__hover_enabled=&#8220;on&#8220; text_text_color__hover=&#8220;#ffffff&#8220; background_enable_color__hover=&#8220;on&#8220; background_image__hover=&#8220;&#8220; background_enable_image__hover=&#8220;off&#8220;]<\/p>\n<h3>Annamaria und Franco Guerra<\/h3>\n<p><\/p>\n<p>Annamaria und Franco Guerra sind die \u201cSt\u00fctzen\u201d dieser Osteria. Auch wenn sie den ganzen Tag lang streiten, wird dann wieder Friede geschlossen, und ohne sie w\u00fcrde es sehr langweilig sein. Annamaria kocht und gibt den Kellnern Anweisungen wie ein Kommandant, Franco hingegen f\u00fchrt die Befehle seiner Frau aus.<\/p>\n<p>[\/et_pb_text][\/et_pb_column][et_pb_column type=&#8220;1_4&#8243; _builder_version=&#8220;4.16&#8243; background_image=&#8220;https:\/\/osteriamadonnetta.it\/wp-content\/uploads\/2019\/01\/Osteria-Madonnetta-Barbara-Guerra-titolare.jpg&#8220; custom_padding=&#8220;|||&#8220; global_colors_info=&#8220;{}&#8220; background_color__hover_enabled=&#8220;on&#8220; custom_padding__hover=&#8220;|||&#8220;][et_pb_text _builder_version=&#8220;4.16&#8243; text_font=&#8220;||||||||&#8220; text_text_color=&#8220;rgba(0,0,0,0)&#8220; text_font_size=&#8220;1px&#8220; background_color=&#8220;rgba(255,255,255,0)&#8220; background_layout=&#8220;dark&#8220; custom_padding=&#8220;5%|5%|5%|5%|true|true&#8220; global_colors_info=&#8220;{}&#8220; text_font_size__hover_enabled=&#8220;on&#8220; text_font_size__hover=&#8220;14px&#8220; background__hover_enabled=&#8220;on&#8220; background_color__hover=&#8220;#331122&#8243; text_text_color__hover_enabled=&#8220;on&#8220; text_text_color__hover=&#8220;#ffffff&#8220;]<\/p>\n<h3>Barbara Guerra<\/h3>\n<p><\/p>\n<p>Barbara f\u00fchrt voller Freude, gemeinsam mit ihren Br\u00fcdern, dieses famili\u00e4re Lokal. Sie hat einen autorit\u00e4rer Charakter, der dem ihrer Gro\u00dfmutter Amelia \u00e4hnelt. Barbara pr\u00e4sentiert die Gerichte und beratet die G\u00e4ste.<\/p>\n<p>[\/et_pb_text][\/et_pb_column][et_pb_column type=&#8220;1_4&#8243; _builder_version=&#8220;4.16&#8243; background_image=&#8220;https:\/\/osteriamadonnetta.it\/wp-content\/uploads\/2019\/01\/Osteria-Madonnetta-Sandro-Guerra-oste.jpg&#8220; custom_padding=&#8220;|||&#8220; global_colors_info=&#8220;{}&#8220; background_color__hover_enabled=&#8220;on&#8220; custom_padding__hover=&#8220;|||&#8220;][et_pb_text _builder_version=&#8220;4.16&#8243; text_font=&#8220;||||||||&#8220; text_text_color=&#8220;rgba(0,0,0,0)&#8220; text_font_size=&#8220;1px&#8220; background_color=&#8220;rgba(255,255,255,0)&#8220; background_layout=&#8220;dark&#8220; custom_padding=&#8220;5%|5%|5%|5%|true|true&#8220; global_colors_info=&#8220;{}&#8220; text_font_size__hover_enabled=&#8220;on&#8220; text_font_size__hover=&#8220;14px&#8220; background__hover_enabled=&#8220;on&#8220; background_color__hover=&#8220;#331122&#8243; text_text_color__hover_enabled=&#8220;on&#8220; text_text_color__hover=&#8220;#ffffff&#8220;]<\/p>\n<h3>Sandro Guerra<\/h3>\n<p><\/p>\n<p>Sandro ist der j\u00fcngste und auch der humorvollste von allen Geschwistern. Als gelernter Buchhalter leitet er pflichtbewusst die Buchhaltung, als Kellner in der Osteria erf\u00fcllt er dann seine Arbeit mit Heitersinn und Freundlichkeit. Er merkt sich die Namen und Herkunft aller seiner Kunden und gibt alles, um den Aufenthalt in der Osteria zu einem unvergesslichen Erlebnis zu machen.<\/p>\n<p>[\/et_pb_text][\/et_pb_column][et_pb_column type=&#8220;1_4&#8243; _builder_version=&#8220;4.16&#8243; background_color_gradient_start=&#8220;#daad86&#8243; background_color_gradient_end=&#8220;#daad86&#8243; background_image=&#8220;https:\/\/osteriamadonnetta.it\/wp-content\/uploads\/2018\/12\/Osteria-Madonnetta-staff-Giulia.jpg&#8220; custom_padding=&#8220;|||&#8220; global_colors_info=&#8220;{}&#8220; background_color__hover_enabled=&#8220;on&#8220; custom_padding__hover=&#8220;|||&#8220;][et_pb_text _builder_version=&#8220;4.16&#8243; text_text_color=&#8220;rgba(0,0,0,0)&#8220; text_font_size=&#8220;1px&#8220; background_color=&#8220;rgba(255,255,255,0)&#8220; background_layout=&#8220;dark&#8220; custom_padding=&#8220;5%|5%|5%|5%|true|true&#8220; z_index_tablet=&#8220;500&#8243; global_colors_info=&#8220;{}&#8220; text_font_size__hover_enabled=&#8220;on&#8220; text_font_size__hover=&#8220;14px&#8220; background__hover_enabled=&#8220;on&#8220; background_color__hover=&#8220;#331122&#8243; text_text_color__hover_enabled=&#8220;on&#8220; text_text_color__hover=&#8220;#ffffff&#8220;]<\/p>\n<h3>Giulia<\/h3>\n<p><\/p>\n<p>Giulia ist ein flottes M\u00e4dchen, und arbeitet mit voller Leidenschaft in der K\u00fcche. Sie ist sehr ordentlich und hat einen hervorragenden Geschmackssinn, der sich in ihrer Passion zu Speisen und Weinen zeigt.<\/p>\n<p>[\/et_pb_text][\/et_pb_column][\/et_pb_row][et_pb_row column_structure=&#8220;1_4,1_4,1_4,1_4&#8243; use_custom_gutter=&#8220;on&#8220; gutter_width=&#8220;2&#8243; make_equal=&#8220;on&#8220; module_class=&#8220;m_people gallery_row&#8220; _builder_version=&#8220;4.27.4&#8243; width_phone=&#8220;50px&#8220; max_width_phone=&#8220;1280px&#8220; hover_enabled=&#8220;0&#8243; z_index_tablet=&#8220;500&#8243; global_colors_info=&#8220;{}&#8220; background_color_4__hover_enabled=&#8220;on&#8220; background_color_3__hover_enabled=&#8220;on&#8220; background_color_2__hover_enabled=&#8220;on&#8220; background_color_1__hover_enabled=&#8220;on&#8220; sticky_enabled=&#8220;0&#8243;][et_pb_column type=&#8220;1_4&#8243; _builder_version=&#8220;4.16&#8243; background_image=&#8220;https:\/\/osteriamadonnetta.it\/wp-content\/uploads\/2019\/05\/marcel-Osteria-Madonnetta-Marostica-Vicenza.jpg&#8220; custom_padding=&#8220;|||&#8220; global_colors_info=&#8220;{}&#8220; background_color__hover_enabled=&#8220;on&#8220; custom_padding__hover=&#8220;|||&#8220;][et_pb_text _builder_version=&#8220;4.16.1&#8243; text_text_color=&#8220;rgba(0,0,0,0)&#8220; text_font_size=&#8220;1px&#8220; background_color=&#8220;rgba(255,255,255,0)&#8220; background_layout=&#8220;dark&#8220; custom_padding=&#8220;5%|5%|5%|5%|true|true&#8220; z_index_tablet=&#8220;500&#8243; global_colors_info=&#8220;{}&#8220; text_font_size__hover_enabled=&#8220;on&#8220; text_font_size__hover=&#8220;14px&#8220; background__hover_enabled=&#8220;on&#8220; background_color__hover=&#8220;#331122&#8243; text_text_color__hover_enabled=&#8220;on&#8220; text_text_color__hover=&#8220;#ffffff&#8220;]<\/p>\n<h3>Marcel<\/h3>\n<p><\/p>\n<p>Marcel \u00e8 un ragazzo che si d\u00e0 da fare,<br \/>In cucina ma anche in sala per ben se la sa cavare<br \/>Dagli occhi vispi e dall\u2019animo vivace<br \/>Si dimostra proprio un ragazzo perspicace<\/p>\n<p>[\/et_pb_text][\/et_pb_column][et_pb_column type=&#8220;1_4&#8243; _builder_version=&#8220;4.16&#8243; background_image=&#8220;https:\/\/osteriamadonnetta.it\/wp-content\/uploads\/2019\/01\/Osteria-Madonnetta-staff-Hajiba.jpg&#8220; custom_padding=&#8220;|||&#8220; global_colors_info=&#8220;{}&#8220; background_color__hover_enabled=&#8220;on&#8220; custom_padding__hover=&#8220;|||&#8220;][et_pb_text _builder_version=&#8220;4.16.1&#8243; text_font=&#8220;||||||||&#8220; text_text_color=&#8220;rgba(0,0,0,0)&#8220; text_font_size=&#8220;1px&#8220; header_font=&#8220;||||||||&#8220; background_color=&#8220;rgba(255,255,255,0)&#8220; background_layout=&#8220;dark&#8220; custom_padding=&#8220;5%|5%|5%|5%|true|true&#8220; global_colors_info=&#8220;{}&#8220; text_font_size__hover_enabled=&#8220;on&#8220; text_font_size__hover=&#8220;14px&#8220; background__hover_enabled=&#8220;on&#8220; background_color__hover=&#8220;#331122&#8243; text_text_color__hover_enabled=&#8220;on&#8220; text_text_color__hover=&#8220;#ffffff&#8220;]<\/p>\n<h3>Hajiba<\/h3>\n<p><\/p>\n<p>Hajiba\u2019s Aufgabe ist die harmonische Zubereitung von K\u00f6stlichkeiten, so wie man sich das in einer echten \u201cOsteria\u201d erwartet. Ihre ausgeglichene und geduldige Art sorgt immer f\u00fcr angenehmes Klima.<\/p>\n<p>[\/et_pb_text][\/et_pb_column][et_pb_column type=&#8220;1_4&#8243; _builder_version=&#8220;4.16&#8243; background_color_gradient_start=&#8220;#daad86&#8243; background_color_gradient_end=&#8220;#daad86&#8243; background_image=&#8220;https:\/\/osteriamadonnetta.it\/wp-content\/uploads\/2019\/05\/Federica-staff-Osteria-Madonnetta-Marostica.jpg&#8220; custom_padding=&#8220;|||&#8220; global_colors_info=&#8220;{}&#8220; background_color__hover_enabled=&#8220;on&#8220; custom_padding__hover=&#8220;|||&#8220;][et_pb_text _builder_version=&#8220;4.16.1&#8243; text_font=&#8220;||||||||&#8220; text_text_color=&#8220;rgba(0,0,0,0)&#8220; text_font_size=&#8220;1px&#8220; background_color=&#8220;rgba(255,255,255,0)&#8220; background_layout=&#8220;dark&#8220; custom_padding=&#8220;5%|5%|5%|5%|true|true&#8220; global_colors_info=&#8220;{}&#8220; text_font_size__hover_enabled=&#8220;on&#8220; text_font_size__hover=&#8220;14px&#8220; background__hover_enabled=&#8220;on|hover&#8220; background_color__hover=&#8220;#331122&#8243; text_text_color__hover_enabled=&#8220;on&#8220; text_text_color__hover=&#8220;#ffffff&#8220;]<\/p>\n<h3>Federica<\/h3>\n<p><\/p>\n<p>Federica ist eine fr\u00f6hliche und zuverl\u00e4ssige Frau, die die Speisen garniert und verziert, wie sie es f\u00fcher mit den Kleidern machte. Dank ihrer positiven Einstellung und ihres Optimismus ist sie bei ihren Mitarbeitern sehr beliebt.<\/p>\n<p>[\/et_pb_text][\/et_pb_column][et_pb_column type=&#8220;1_4&#8243; _builder_version=&#8220;4.16.1&#8243; _module_preset=&#8220;default&#8220; global_colors_info=&#8220;{}&#8220; background_image=&#8220;https:\/\/osteriamadonnetta.it\/wp-content\/uploads\/2019\/05\/Enrico-staff-Osteria-Madonnetta-Marostica.jpg&#8220; custom_padding=&#8220;|||&#8220;][et_pb_text _builder_version=&#8220;4.16.1&#8243; text_font=&#8220;||||||||&#8220; text_text_color=&#8220;rgba(0,0,0,0)&#8220; text_font_size=&#8220;1px&#8220; background_color=&#8220;rgba(255,255,255,0)&#8220; background_layout=&#8220;dark&#8220; custom_padding=&#8220;5%|5%|5%|5%|true|true&#8220; global_colors_info=&#8220;{}&#8220; text_font_size__hover_enabled=&#8220;on&#8220; text_font_size__hover=&#8220;14px&#8220; background__hover_enabled=&#8220;on&#8220; background_color__hover=&#8220;#331122&#8243; text_text_color__hover_enabled=&#8220;on&#8220; text_text_color__hover=&#8220;#ffffff&#8220;]<\/p>\n<h3>Enrico<\/h3>\n<p><\/p>\n<p>Enrico ist nicht nur ein guter Koch, sondern auch ein hervorragender Sch\u00fcler. In seiner Freizeit spielt er gerne Videospiele und er h\u00e4lt viel auf sein \u00e4u\u00dferes Erscheinungsbild. Der Sport und die gesunde Ern\u00e4hrung sind f\u00fcr ihn sehr wichtig.<\/p>\n<p>[\/et_pb_text][\/et_pb_column][\/et_pb_row][et_pb_row column_structure=&#8220;1_4,1_4,1_4,1_4&#8243; use_custom_gutter=&#8220;on&#8220; gutter_width=&#8220;2&#8243; make_equal=&#8220;on&#8220; module_class=&#8220;m_people gallery_row&#8220; _builder_version=&#8220;4.27.4&#8243; custom_margin_tablet=&#8220;&#8220; custom_margin_phone=&#8220;&#8220; custom_margin_last_edited=&#8220;on|desktop&#8220; hover_enabled=&#8220;0&#8243; z_index_tablet=&#8220;500&#8243; global_colors_info=&#8220;{}&#8220; background_color_4__hover_enabled=&#8220;on&#8220; background_color_3__hover_enabled=&#8220;on&#8220; background_color_2__hover_enabled=&#8220;on&#8220; background_color_1__hover_enabled=&#8220;on&#8220; sticky_enabled=&#8220;0&#8243;][et_pb_column type=&#8220;1_4&#8243; _builder_version=&#8220;4.16&#8243; background_color_gradient_start=&#8220;#daad86&#8243; background_color_gradient_end=&#8220;#daad86&#8243; background_image=&#8220;https:\/\/osteriamadonnetta.it\/wp-content\/uploads\/2018\/12\/alessandro-Osteria-Madonnetta-Marostica-Vicenza.jpg&#8220; custom_padding=&#8220;|||&#8220; global_colors_info=&#8220;{}&#8220; background_color__hover_enabled=&#8220;on&#8220; custom_padding__hover=&#8220;|||&#8220;][et_pb_text _builder_version=&#8220;4.16.1&#8243; text_font=&#8220;||||||||&#8220; text_text_color=&#8220;rgba(0,0,0,0)&#8220; text_font_size=&#8220;1px&#8220; header_font=&#8220;||||||||&#8220; background_color=&#8220;rgba(255,255,255,0)&#8220; background_layout=&#8220;dark&#8220; custom_padding=&#8220;5%|5%|5%|5%|true|true&#8220; global_colors_info=&#8220;{}&#8220; text_font_size__hover_enabled=&#8220;on&#8220; text_font_size__hover=&#8220;14px&#8220; background__hover_enabled=&#8220;on&#8220; background_color__hover=&#8220;#331122&#8243; text_text_color__hover_enabled=&#8220;on&#8220; text_text_color__hover=&#8220;#ffffff&#8220;]<\/p>\n<h3>Alessandro<\/h3>\n<p><\/p>\n<p>Alessandro ist unser Konditor, und mit seinen K\u00f6stlichkeiten vers\u00fc\u00dft er unseren G\u00e4sten den Tag. \u2028Zu seinen Hobbies geh\u00f6ren die Blumen und das Reisen.<\/p>\n<p>[\/et_pb_text][\/et_pb_column][et_pb_column type=&#8220;1_4&#8243; disabled_on=&#8220;on|on|on&#8220; _builder_version=&#8220;4.16&#8243; background_image=&#8220;https:\/\/osteriamadonnetta.it\/wp-content\/uploads\/2019\/05\/Linda-staff-Osteria-Madonnetta-Marostica.jpg&#8220; custom_padding=&#8220;|||&#8220; disabled=&#8220;on&#8220; global_colors_info=&#8220;{}&#8220; background_color__hover_enabled=&#8220;on&#8220; custom_padding__hover=&#8220;|||&#8220;][et_pb_text disabled_on=&#8220;on|on|on&#8220; _builder_version=&#8220;4.16&#8243; text_font=&#8220;||||||||&#8220; text_text_color=&#8220;rgba(0,0,0,0)&#8220; text_font_size=&#8220;1px&#8220; background_color=&#8220;rgba(255,255,255,0)&#8220; background_layout=&#8220;dark&#8220; custom_padding=&#8220;5%|5%|5%|5%|true|true&#8220; disabled=&#8220;on&#8220; global_colors_info=&#8220;{}&#8220; text_font_size__hover_enabled=&#8220;on&#8220; text_font_size__hover=&#8220;14px&#8220; background__hover_enabled=&#8220;on&#8220; background_color__hover=&#8220;#331122&#8243; text_text_color__hover_enabled=&#8220;on&#8220; text_text_color__hover=&#8220;#ffffff&#8220;]<\/p>\n<h3>Linda<\/h3>\n<p><\/p>\n<p>Linda: schnell und humorvoll flitzt sie von einem Tisch zum anderen. Ihre Zielstrebigkeit wird von Allen sehr gesch\u00e4tzt.<\/p>\n<p>[\/et_pb_text][\/et_pb_column][et_pb_column type=&#8220;1_4&#8243; _builder_version=&#8220;4.16.1&#8243; _module_preset=&#8220;default&#8220; global_colors_info=&#8220;{}&#8220;][\/et_pb_column][et_pb_column type=&#8220;1_4&#8243; _builder_version=&#8220;4.16.1&#8243; _module_preset=&#8220;default&#8220; global_colors_info=&#8220;{}&#8220;][\/et_pb_column][\/et_pb_row][\/et_pb_section]<\/p>\n","protected":false},"excerpt":{"rendered":"<p>Unser TeamTeamgeist, Freude, Leidenschaft, Engagement: Kompetenzen und Erfahrungen, die sich gegenseitig erg\u00e4nzen. Es ist das gastfreundliche Personal, das die Osteria Madonetta zu einem hervorragenden Lokal macht. Annamaria und Franco GuerraAnnamaria und Franco Guerra sind die \u201cSt\u00fctzen\u201d dieser Osteria. Auch wenn sie den ganzen Tag lang streiten, wird dann wieder Friede geschlossen, und ohne sie w\u00fcrde [&hellip;]<\/p>\n","protected":false},"author":4,"featured_media":0,"parent":0,"menu_order":0,"comment_status":"closed","ping_status":"closed","template":"","meta":{"_et_pb_use_builder":"on","_et_pb_old_content":"","_et_gb_content_width":"","footnotes":""},"class_list":["post-33357","page","type-page","status-publish","hentry"],"yoast_head":"<!-- This site is optimized with the Yoast SEO plugin v27.3 - https:\/\/yoast.com\/product\/yoast-seo-wordpress\/ -->\n<title>Team Osteria Madonnetta &#8211; Osteria Madonnetta<\/title>\n<meta name=\"robots\" content=\"index, follow, max-snippet:-1, max-image-preview:large, max-video-preview:-1\" \/>\n<link rel=\"canonical\" href=\"https:\/\/www.osteriamadonnetta.it\/team-osteria-madonnetta\/\" \/>\n<meta property=\"og:locale\" content=\"de_DE\" \/>\n<meta property=\"og:type\" content=\"article\" \/>\n<meta property=\"og:title\" content=\"Team Osteria Madonnetta &#8211; Osteria Madonnetta\" \/>\n<meta property=\"og:description\" content=\"Unser TeamTeamgeist, Freude, Leidenschaft, Engagement: Kompetenzen und Erfahrungen, die sich gegenseitig erg\u00e4nzen. Es ist das gastfreundliche Personal, das die Osteria Madonetta zu einem hervorragenden Lokal macht. Annamaria und Franco GuerraAnnamaria und Franco Guerra sind die \u201cSt\u00fctzen\u201d dieser Osteria. Auch wenn sie den ganzen Tag lang streiten, wird dann wieder Friede geschlossen, und ohne sie w\u00fcrde [&hellip;]\" \/>\n<meta property=\"og:url\" content=\"https:\/\/www.osteriamadonnetta.it\/team-osteria-madonnetta\/\" \/>\n<meta property=\"og:site_name\" content=\"Osteria Madonnetta\" \/>\n<meta property=\"article:publisher\" content=\"https:\/\/www.facebook.com\/osteriamadonnetta\/\" \/>\n<meta property=\"article:modified_time\" content=\"2025-09-08T16:21:54+00:00\" \/>\n<meta property=\"og:image\" content=\"https:\/\/www.osteriamadonnetta.it\/wp-content\/uploads\/2018\/12\/osteria-madonnetta-marostica-sala-interna.jpg\" \/>\n\t<meta property=\"og:image:width\" content=\"1600\" \/>\n\t<meta property=\"og:image:height\" content=\"1067\" \/>\n\t<meta property=\"og:image:type\" content=\"image\/jpeg\" \/>\n<meta name=\"twitter:card\" content=\"summary_large_image\" \/>\n<meta name=\"twitter:label1\" content=\"Gesch\u00e4tzte Lesezeit\" \/>\n\t<meta name=\"twitter:data1\" content=\"9\u00a0Minuten\" \/>\n<script type=\"application\/ld+json\" class=\"yoast-schema-graph\">{\"@context\":\"https:\\\/\\\/schema.org\",\"@graph\":[{\"@type\":\"WebPage\",\"@id\":\"https:\\\/\\\/www.osteriamadonnetta.it\\\/team-osteria-madonnetta\\\/\",\"url\":\"https:\\\/\\\/www.osteriamadonnetta.it\\\/team-osteria-madonnetta\\\/\",\"name\":\"Team Osteria Madonnetta &#8211; Osteria Madonnetta\",\"isPartOf\":{\"@id\":\"https:\\\/\\\/www.osteriamadonnetta.it\\\/#website\"},\"datePublished\":\"2019-05-15T16:23:07+00:00\",\"dateModified\":\"2025-09-08T16:21:54+00:00\",\"breadcrumb\":{\"@id\":\"https:\\\/\\\/www.osteriamadonnetta.it\\\/team-osteria-madonnetta\\\/#breadcrumb\"},\"inLanguage\":\"de\",\"potentialAction\":[{\"@type\":\"ReadAction\",\"target\":[\"https:\\\/\\\/www.osteriamadonnetta.it\\\/team-osteria-madonnetta\\\/\"]}]},{\"@type\":\"BreadcrumbList\",\"@id\":\"https:\\\/\\\/www.osteriamadonnetta.it\\\/team-osteria-madonnetta\\\/#breadcrumb\",\"itemListElement\":[{\"@type\":\"ListItem\",\"position\":1,\"name\":\"Home\",\"item\":\"https:\\\/\\\/www.osteriamadonnetta.it\\\/de\\\/\"},{\"@type\":\"ListItem\",\"position\":2,\"name\":\"Team Osteria Madonnetta\"}]},{\"@type\":\"WebSite\",\"@id\":\"https:\\\/\\\/www.osteriamadonnetta.it\\\/#website\",\"url\":\"https:\\\/\\\/www.osteriamadonnetta.it\\\/\",\"name\":\"Osteria Madonnetta\",\"description\":\"Osteria Madonnetta\",\"potentialAction\":[{\"@type\":\"SearchAction\",\"target\":{\"@type\":\"EntryPoint\",\"urlTemplate\":\"https:\\\/\\\/www.osteriamadonnetta.it\\\/?s={search_term_string}\"},\"query-input\":{\"@type\":\"PropertyValueSpecification\",\"valueRequired\":true,\"valueName\":\"search_term_string\"}}],\"inLanguage\":\"de\"}]}<\/script>\n<!-- \/ Yoast SEO plugin. -->","yoast_head_json":{"title":"Team Osteria Madonnetta &#8211; Osteria Madonnetta","robots":{"index":"index","follow":"follow","max-snippet":"max-snippet:-1","max-image-preview":"max-image-preview:large","max-video-preview":"max-video-preview:-1"},"canonical":"https:\/\/www.osteriamadonnetta.it\/team-osteria-madonnetta\/","og_locale":"de_DE","og_type":"article","og_title":"Team Osteria Madonnetta &#8211; Osteria Madonnetta","og_description":"Unser TeamTeamgeist, Freude, Leidenschaft, Engagement: Kompetenzen und Erfahrungen, die sich gegenseitig erg\u00e4nzen. Es ist das gastfreundliche Personal, das die Osteria Madonetta zu einem hervorragenden Lokal macht. Annamaria und Franco GuerraAnnamaria und Franco Guerra sind die \u201cSt\u00fctzen\u201d dieser Osteria. Auch wenn sie den ganzen Tag lang streiten, wird dann wieder Friede geschlossen, und ohne sie w\u00fcrde [&hellip;]","og_url":"https:\/\/www.osteriamadonnetta.it\/team-osteria-madonnetta\/","og_site_name":"Osteria Madonnetta","article_publisher":"https:\/\/www.facebook.com\/osteriamadonnetta\/","article_modified_time":"2025-09-08T16:21:54+00:00","og_image":[{"width":1600,"height":1067,"url":"https:\/\/www.osteriamadonnetta.it\/wp-content\/uploads\/2018\/12\/osteria-madonnetta-marostica-sala-interna.jpg","type":"image\/jpeg"}],"twitter_card":"summary_large_image","twitter_misc":{"Gesch\u00e4tzte Lesezeit":"9\u00a0Minuten"},"schema":{"@context":"https:\/\/schema.org","@graph":[{"@type":"WebPage","@id":"https:\/\/www.osteriamadonnetta.it\/team-osteria-madonnetta\/","url":"https:\/\/www.osteriamadonnetta.it\/team-osteria-madonnetta\/","name":"Team Osteria Madonnetta &#8211; Osteria Madonnetta","isPartOf":{"@id":"https:\/\/www.osteriamadonnetta.it\/#website"},"datePublished":"2019-05-15T16:23:07+00:00","dateModified":"2025-09-08T16:21:54+00:00","breadcrumb":{"@id":"https:\/\/www.osteriamadonnetta.it\/team-osteria-madonnetta\/#breadcrumb"},"inLanguage":"de","potentialAction":[{"@type":"ReadAction","target":["https:\/\/www.osteriamadonnetta.it\/team-osteria-madonnetta\/"]}]},{"@type":"BreadcrumbList","@id":"https:\/\/www.osteriamadonnetta.it\/team-osteria-madonnetta\/#breadcrumb","itemListElement":[{"@type":"ListItem","position":1,"name":"Home","item":"https:\/\/www.osteriamadonnetta.it\/de\/"},{"@type":"ListItem","position":2,"name":"Team Osteria Madonnetta"}]},{"@type":"WebSite","@id":"https:\/\/www.osteriamadonnetta.it\/#website","url":"https:\/\/www.osteriamadonnetta.it\/","name":"Osteria Madonnetta","description":"Osteria Madonnetta","potentialAction":[{"@type":"SearchAction","target":{"@type":"EntryPoint","urlTemplate":"https:\/\/www.osteriamadonnetta.it\/?s={search_term_string}"},"query-input":{"@type":"PropertyValueSpecification","valueRequired":true,"valueName":"search_term_string"}}],"inLanguage":"de"}]}},"_links":{"self":[{"href":"https:\/\/www.osteriamadonnetta.it\/de\/wp-json\/wp\/v2\/pages\/33357","targetHints":{"allow":["GET"]}}],"collection":[{"href":"https:\/\/www.osteriamadonnetta.it\/de\/wp-json\/wp\/v2\/pages"}],"about":[{"href":"https:\/\/www.osteriamadonnetta.it\/de\/wp-json\/wp\/v2\/types\/page"}],"author":[{"embeddable":true,"href":"https:\/\/www.osteriamadonnetta.it\/de\/wp-json\/wp\/v2\/users\/4"}],"replies":[{"embeddable":true,"href":"https:\/\/www.osteriamadonnetta.it\/de\/wp-json\/wp\/v2\/comments?post=33357"}],"version-history":[{"count":23,"href":"https:\/\/www.osteriamadonnetta.it\/de\/wp-json\/wp\/v2\/pages\/33357\/revisions"}],"predecessor-version":[{"id":35637,"href":"https:\/\/www.osteriamadonnetta.it\/de\/wp-json\/wp\/v2\/pages\/33357\/revisions\/35637"}],"wp:attachment":[{"href":"https:\/\/www.osteriamadonnetta.it\/de\/wp-json\/wp\/v2\/media?parent=33357"}],"curies":[{"name":"wp","href":"https:\/\/api.w.org\/{rel}","templated":true}]}}